{"id":2337,"date":"2024-09-05T18:46:26","date_gmt":"2024-09-05T18:46:26","guid":{"rendered":"http:\/\/localhost:10028\/?page_id=2337"},"modified":"2025-11-30T15:47:17","modified_gmt":"2025-11-30T15:47:17","slug":"articulos","status":"publish","type":"page","link":"https:\/\/magnarepublik.com\/en\/articulos\/","title":{"rendered":"Articles"},"content":{"rendered":"<div data-elementor-type=\"wp-page\" data-elementor-id=\"2337\" class=\"elementor elementor-2337\">\n\t\t\t\t<div class=\"elementor-element elementor-element-79f3006 parallax-section e-flex e-con-boxed rt-default-class e-con e-parent\" data-id=\"79f3006\" data-element_type=\"container\" data-settings=\"{&quot;background_background&quot;:&quot;classic&quot;}\">\n\t\t\t\t\t<div class=\"e-con-inner\">\n\t\t\t\t<div class=\"elementor-element elementor-element-8694f89 content-align-center rt-default-class elementor-widget elementor-widget-rtbreadrumb\" data-id=\"8694f89\" data-element_type=\"widget\" data-widget_type=\"rtbreadrumb.default\">\n\t\t\t\t<div class=\"elementor-widget-container\">\n\t\t\t\t\t    \r\n\r\n    <div class=\"breadcrumb-inner-addon\">\r\n        <div class=\"rt-title-part\">\r\n            <h1 class=\"page-title\">Articles<\/h1>\r\n                    <\/div>\r\n        <div class=\"breadcrumb-path\">\r\n                <a href=\"https:\/\/magnarepublik.com\/en\/\">Home<\/a>            <\/div>\r\n    <\/div>   \r\n    \t\t\t\t<\/div>\n\t\t\t\t<\/div>\n\t\t\t\t\t<\/div>\n\t\t\t\t<\/div>\n\t\t<div class=\"elementor-element elementor-element-1da758d e-flex e-con-boxed rt-default-class e-con e-parent\" data-id=\"1da758d\" data-element_type=\"container\" data-settings=\"{&quot;background_background&quot;:&quot;classic&quot;}\">\n\t\t\t\t\t<div class=\"e-con-inner\">\n\t\t\t\t<div class=\"elementor-element elementor-element-811ee7d rt-default-class elementor-widget elementor-widget-shortcode\" data-id=\"811ee7d\" data-element_type=\"widget\" data-widget_type=\"shortcode.default\">\n\t\t\t\t<div class=\"elementor-widget-container\">\n\t\t\t\t\t\t\t<div class=\"elementor-shortcode\"><div class=\"magna-post-grid-container\" data-current-page=\"1\">    <div class=\"magna-post-grid-wrapper\">\r\n      <div class=\"magna-post-grid\">\r\n                    \r\n                \r\n                <article class=\"magna-post-card\">\r\n\r\n                                            <a href=\"https:\/\/magnarepublik.com\/en\/transformacion-de-la-sociedad-en-la-nueva-era-digital-desafios-sociologicos-y-tecnologicos\/\" class=\"magna-post-thumb\">\r\n                            <img fetchpriority=\"high\" decoding=\"async\" width=\"640\" height=\"359\" src=\"https:\/\/magnarepublik.com\/wp-content\/uploads\/2025\/12\/Magna_human_silhouettes_interacting_with_holographic_interfac_71cc79c6-3b17-475d-81c8-75449362b8c0_0-1024x574.png\" class=\"attachment-large size-large wp-post-image\" alt=\"\" srcset=\"https:\/\/magnarepublik.com\/wp-content\/uploads\/2025\/12\/Magna_human_silhouettes_interacting_with_holographic_interfac_71cc79c6-3b17-475d-81c8-75449362b8c0_0-1024x574.png 1024w, https:\/\/magnarepublik.com\/wp-content\/uploads\/2025\/12\/Magna_human_silhouettes_interacting_with_holographic_interfac_71cc79c6-3b17-475d-81c8-75449362b8c0_0-300x168.png 300w, https:\/\/magnarepublik.com\/wp-content\/uploads\/2025\/12\/Magna_human_silhouettes_interacting_with_holographic_interfac_71cc79c6-3b17-475d-81c8-75449362b8c0_0-768x430.png 768w, https:\/\/magnarepublik.com\/wp-content\/uploads\/2025\/12\/Magna_human_silhouettes_interacting_with_holographic_interfac_71cc79c6-3b17-475d-81c8-75449362b8c0_0-18x10.png 18w, https:\/\/magnarepublik.com\/wp-content\/uploads\/2025\/12\/Magna_human_silhouettes_interacting_with_holographic_interfac_71cc79c6-3b17-475d-81c8-75449362b8c0_0.png 1456w\" sizes=\"(max-width: 640px) 100vw, 640px\" \/>\r\n                            <!-- Badge de categor\u00eda sobre la miniatura -->\r\n                            <span class=\"magna-category-badge\">\r\n                                <span class=\"magna-category-icon\" aria-hidden=\"true\">\ud83d\udcc4<\/span>\r\n                                <span class=\"magna-category-text\">\r\n                                    Articles                                <\/span>\r\n                            <\/span>\r\n                        <\/a>\r\n                    \r\n                    <div class=\"magna-post-content\">\r\n\r\n                        <!-- Meta minimalista: solo fecha -->\r\n                        <div class=\"magna-post-meta\">\r\n                            <span>02 Dec 2025<\/span>\r\n                        <\/div>\r\n\r\n                        <!-- T\u00edtulo compacto (2 l\u00edneas m\u00e1x, el recorte lo hace el CSS) -->\r\n                        <h2 class=\"magna-post-title\">\r\n                            <a href=\"https:\/\/magnarepublik.com\/en\/transformacion-de-la-sociedad-en-la-nueva-era-digital-desafios-sociologicos-y-tecnologicos\/\">\r\n                                Transformaci\u00f3n de la sociedad en la nueva era digital: desaf\u00edos sociol\u00f3gicos y tecnol\u00f3gicos                            <\/a>\r\n                        <\/h2>\r\n\r\n                        <!-- Extracto -->\r\n                        <div class=\"magna-post-excerpt\">\r\n                            La sociedad contempor\u00e1nea atraviesa una transformaci\u00f3n sin precedentes marcada por la convergencia de m\u00faltiples tecnolog\u00edas: internet, inteligencia artificial (IA), redes sociales y,\u2026                        <\/div>\r\n\r\n                        <!-- Bot\u00f3n Leer m\u00e1s -->\r\n                        <div class=\"magna-post-footer\">\r\n                            <a href=\"https:\/\/magnarepublik.com\/en\/transformacion-de-la-sociedad-en-la-nueva-era-digital-desafios-sociologicos-y-tecnologicos\/\" class=\"magna-read-more\">\r\n                                Leer m\u00e1s\r\n                                <svg viewbox=\"0 0 24 24\" fill=\"none\">\r\n                                    <path d=\"M5 12h14M13 6l6 6-6 6\"\r\n                                          stroke=\"currentColor\"\r\n                                          stroke-width=\"1.8\"\r\n                                          stroke-linecap=\"round\"\r\n                                          stroke-linejoin=\"round\" \/>\r\n                                <\/svg>\r\n                            <\/a>\r\n                        <\/div>\r\n\r\n                    <\/div>\r\n                <\/article>\r\n\r\n            \r\n                \r\n                <article class=\"magna-post-card\">\r\n\r\n                                            <a href=\"https:\/\/magnarepublik.com\/en\/simulacion-practica-y-respuesta-coordinada\/\" class=\"magna-post-thumb\">\r\n                            <img decoding=\"async\" width=\"640\" height=\"360\" src=\"https:\/\/magnarepublik.com\/wp-content\/uploads\/2025\/11\/MARIO-EP3-1024x576.png\" class=\"attachment-large size-large wp-post-image\" alt=\"\" srcset=\"https:\/\/magnarepublik.com\/wp-content\/uploads\/2025\/11\/MARIO-EP3-1024x576.png 1024w, https:\/\/magnarepublik.com\/wp-content\/uploads\/2025\/11\/MARIO-EP3-300x169.png 300w, https:\/\/magnarepublik.com\/wp-content\/uploads\/2025\/11\/MARIO-EP3-768x432.png 768w, https:\/\/magnarepublik.com\/wp-content\/uploads\/2025\/11\/MARIO-EP3-1536x864.png 1536w, https:\/\/magnarepublik.com\/wp-content\/uploads\/2025\/11\/MARIO-EP3-18x10.png 18w, https:\/\/magnarepublik.com\/wp-content\/uploads\/2025\/11\/MARIO-EP3.png 1920w\" sizes=\"(max-width: 640px) 100vw, 640px\" \/>\r\n                            <!-- Badge de categor\u00eda sobre la miniatura -->\r\n                            <span class=\"magna-category-badge\">\r\n                                <span class=\"magna-category-icon\" aria-hidden=\"true\">\ud83d\udcc4<\/span>\r\n                                <span class=\"magna-category-text\">\r\n                                    Articles                                <\/span>\r\n                            <\/span>\r\n                        <\/a>\r\n                    \r\n                    <div class=\"magna-post-content\">\r\n\r\n                        <!-- Meta minimalista: solo fecha -->\r\n                        <div class=\"magna-post-meta\">\r\n                            <span>30 Nov 2025<\/span>\r\n                        <\/div>\r\n\r\n                        <!-- T\u00edtulo compacto (2 l\u00edneas m\u00e1x, el recorte lo hace el CSS) -->\r\n                        <h2 class=\"magna-post-title\">\r\n                            <a href=\"https:\/\/magnarepublik.com\/en\/simulacion-practica-y-respuesta-coordinada\/\">\r\n                                Simulaci\u00f3n Pr\u00e1ctica y Respuesta Coordinada | Mario Orellana (El Salvador) | CiberEscudo 2025                            <\/a>\r\n                        <\/h2>\r\n\r\n                        <!-- Extracto -->\r\n                        <div class=\"magna-post-excerpt\">\r\n                            Mario Orellana comparte una visi\u00f3n operativa de la respuesta ante incidentes, a trav\u00e9s de escenarios simulados y trabajo coordinado. Lecciones clave para\u2026                        <\/div>\r\n\r\n                        <!-- Bot\u00f3n Leer m\u00e1s -->\r\n                        <div class=\"magna-post-footer\">\r\n                            <a href=\"https:\/\/magnarepublik.com\/en\/simulacion-practica-y-respuesta-coordinada\/\" class=\"magna-read-more\">\r\n                                Leer m\u00e1s\r\n                                <svg viewbox=\"0 0 24 24\" fill=\"none\">\r\n                                    <path d=\"M5 12h14M13 6l6 6-6 6\"\r\n                                          stroke=\"currentColor\"\r\n                                          stroke-width=\"1.8\"\r\n                                          stroke-linecap=\"round\"\r\n                                          stroke-linejoin=\"round\" \/>\r\n                                <\/svg>\r\n                            <\/a>\r\n                        <\/div>\r\n\r\n                    <\/div>\r\n                <\/article>\r\n\r\n            \r\n                \r\n                <article class=\"magna-post-card\">\r\n\r\n                                            <a href=\"https:\/\/magnarepublik.com\/en\/ciberinteligencia-y-gestion-del-riesgo-digital\/\" class=\"magna-post-thumb\">\r\n                            <img decoding=\"async\" width=\"640\" height=\"360\" src=\"https:\/\/magnarepublik.com\/wp-content\/uploads\/2025\/11\/EDUARDO-EP3-1024x576.png\" class=\"attachment-large size-large wp-post-image\" alt=\"\" srcset=\"https:\/\/magnarepublik.com\/wp-content\/uploads\/2025\/11\/EDUARDO-EP3-1024x576.png 1024w, https:\/\/magnarepublik.com\/wp-content\/uploads\/2025\/11\/EDUARDO-EP3-300x169.png 300w, https:\/\/magnarepublik.com\/wp-content\/uploads\/2025\/11\/EDUARDO-EP3-768x432.png 768w, https:\/\/magnarepublik.com\/wp-content\/uploads\/2025\/11\/EDUARDO-EP3-1536x864.png 1536w, https:\/\/magnarepublik.com\/wp-content\/uploads\/2025\/11\/EDUARDO-EP3-18x10.png 18w, https:\/\/magnarepublik.com\/wp-content\/uploads\/2025\/11\/EDUARDO-EP3.png 1920w\" sizes=\"(max-width: 640px) 100vw, 640px\" \/>\r\n                            <!-- Badge de categor\u00eda sobre la miniatura -->\r\n                            <span class=\"magna-category-badge\">\r\n                                <span class=\"magna-category-icon\" aria-hidden=\"true\">\ud83d\udcc4<\/span>\r\n                                <span class=\"magna-category-text\">\r\n                                    Articles                                <\/span>\r\n                            <\/span>\r\n                        <\/a>\r\n                    \r\n                    <div class=\"magna-post-content\">\r\n\r\n                        <!-- Meta minimalista: solo fecha -->\r\n                        <div class=\"magna-post-meta\">\r\n                            <span>30 Nov 2025<\/span>\r\n                        <\/div>\r\n\r\n                        <!-- T\u00edtulo compacto (2 l\u00edneas m\u00e1x, el recorte lo hace el CSS) -->\r\n                        <h2 class=\"magna-post-title\">\r\n                            <a href=\"https:\/\/magnarepublik.com\/en\/ciberinteligencia-y-gestion-del-riesgo-digital\/\">\r\n                                Ciberinteligencia y Gesti\u00f3n del Riesgo Digital | Eduardo De La Torre (Colombia) | CiberEscudo 2025                            <\/a>\r\n                        <\/h2>\r\n\r\n                        <!-- Extracto -->\r\n                        <div class=\"magna-post-excerpt\">\r\n                            Eduardo De La Torre explica c\u00f3mo la ciberinteligencia se integra a la gesti\u00f3n del riesgo digital. Metodolog\u00edas, an\u00e1lisis y enfoques estrat\u00e9gicos para\u2026                        <\/div>\r\n\r\n                        <!-- Bot\u00f3n Leer m\u00e1s -->\r\n                        <div class=\"magna-post-footer\">\r\n                            <a href=\"https:\/\/magnarepublik.com\/en\/ciberinteligencia-y-gestion-del-riesgo-digital\/\" class=\"magna-read-more\">\r\n                                Leer m\u00e1s\r\n                                <svg viewbox=\"0 0 24 24\" fill=\"none\">\r\n                                    <path d=\"M5 12h14M13 6l6 6-6 6\"\r\n                                          stroke=\"currentColor\"\r\n                                          stroke-width=\"1.8\"\r\n                                          stroke-linecap=\"round\"\r\n                                          stroke-linejoin=\"round\" \/>\r\n                                <\/svg>\r\n                            <\/a>\r\n                        <\/div>\r\n\r\n                    <\/div>\r\n                <\/article>\r\n\r\n            \r\n                \r\n                <article class=\"magna-post-card\">\r\n\r\n                                            <a href=\"https:\/\/magnarepublik.com\/en\/ciberseguridad-institucional-y-marco-legal\/\" class=\"magna-post-thumb\">\r\n                            <img loading=\"lazy\" decoding=\"async\" width=\"640\" height=\"360\" src=\"https:\/\/magnarepublik.com\/wp-content\/uploads\/2025\/11\/ARIEL-EP2-1024x576.png\" class=\"attachment-large size-large wp-post-image\" alt=\"\" srcset=\"https:\/\/magnarepublik.com\/wp-content\/uploads\/2025\/11\/ARIEL-EP2-1024x576.png 1024w, https:\/\/magnarepublik.com\/wp-content\/uploads\/2025\/11\/ARIEL-EP2-300x169.png 300w, https:\/\/magnarepublik.com\/wp-content\/uploads\/2025\/11\/ARIEL-EP2-768x432.png 768w, https:\/\/magnarepublik.com\/wp-content\/uploads\/2025\/11\/ARIEL-EP2-1536x864.png 1536w, https:\/\/magnarepublik.com\/wp-content\/uploads\/2025\/11\/ARIEL-EP2-18x10.png 18w, https:\/\/magnarepublik.com\/wp-content\/uploads\/2025\/11\/ARIEL-EP2.png 1920w\" sizes=\"(max-width: 640px) 100vw, 640px\" \/>\r\n                            <!-- Badge de categor\u00eda sobre la miniatura -->\r\n                            <span class=\"magna-category-badge\">\r\n                                <span class=\"magna-category-icon\" aria-hidden=\"true\">\ud83d\udcc4<\/span>\r\n                                <span class=\"magna-category-text\">\r\n                                    Articles                                <\/span>\r\n                            <\/span>\r\n                        <\/a>\r\n                    \r\n                    <div class=\"magna-post-content\">\r\n\r\n                        <!-- Meta minimalista: solo fecha -->\r\n                        <div class=\"magna-post-meta\">\r\n                            <span>30 Nov 2025<\/span>\r\n                        <\/div>\r\n\r\n                        <!-- T\u00edtulo compacto (2 l\u00edneas m\u00e1x, el recorte lo hace el CSS) -->\r\n                        <h2 class=\"magna-post-title\">\r\n                            <a href=\"https:\/\/magnarepublik.com\/en\/ciberseguridad-institucional-y-marco-legal\/\">\r\n                                Ciberseguridad Institucional y Marco Legal | Ariel Bethancourt (Panam\u00e1) | CiberEscudo 2025                            <\/a>\r\n                        <\/h2>\r\n\r\n                        <!-- Extracto -->\r\n                        <div class=\"magna-post-excerpt\">\r\n                            Ariel Bethancourt aborda la ciberseguridad desde la perspectiva institucional y del marco legal, resaltando la importancia de la gobernanza, la normativa y\u2026                        <\/div>\r\n\r\n                        <!-- Bot\u00f3n Leer m\u00e1s -->\r\n                        <div class=\"magna-post-footer\">\r\n                            <a href=\"https:\/\/magnarepublik.com\/en\/ciberseguridad-institucional-y-marco-legal\/\" class=\"magna-read-more\">\r\n                                Leer m\u00e1s\r\n                                <svg viewbox=\"0 0 24 24\" fill=\"none\">\r\n                                    <path d=\"M5 12h14M13 6l6 6-6 6\"\r\n                                          stroke=\"currentColor\"\r\n                                          stroke-width=\"1.8\"\r\n                                          stroke-linecap=\"round\"\r\n                                          stroke-linejoin=\"round\" \/>\r\n                                <\/svg>\r\n                            <\/a>\r\n                        <\/div>\r\n\r\n                    <\/div>\r\n                <\/article>\r\n\r\n            \r\n                \r\n                <article class=\"magna-post-card\">\r\n\r\n                                            <a href=\"https:\/\/magnarepublik.com\/en\/tipologia-de-ataques-y-prevencion-inteligente\/\" class=\"magna-post-thumb\">\r\n                            <img loading=\"lazy\" decoding=\"async\" width=\"640\" height=\"360\" src=\"https:\/\/magnarepublik.com\/wp-content\/uploads\/2025\/11\/EIDER-EP2-1024x576.png\" class=\"attachment-large size-large wp-post-image\" alt=\"\" srcset=\"https:\/\/magnarepublik.com\/wp-content\/uploads\/2025\/11\/EIDER-EP2-1024x576.png 1024w, https:\/\/magnarepublik.com\/wp-content\/uploads\/2025\/11\/EIDER-EP2-300x169.png 300w, https:\/\/magnarepublik.com\/wp-content\/uploads\/2025\/11\/EIDER-EP2-768x432.png 768w, https:\/\/magnarepublik.com\/wp-content\/uploads\/2025\/11\/EIDER-EP2-1536x864.png 1536w, https:\/\/magnarepublik.com\/wp-content\/uploads\/2025\/11\/EIDER-EP2-18x10.png 18w, https:\/\/magnarepublik.com\/wp-content\/uploads\/2025\/11\/EIDER-EP2.png 1920w\" sizes=\"(max-width: 640px) 100vw, 640px\" \/>\r\n                            <!-- Badge de categor\u00eda sobre la miniatura -->\r\n                            <span class=\"magna-category-badge\">\r\n                                <span class=\"magna-category-icon\" aria-hidden=\"true\">\ud83d\udcc4<\/span>\r\n                                <span class=\"magna-category-text\">\r\n                                    Articles                                <\/span>\r\n                            <\/span>\r\n                        <\/a>\r\n                    \r\n                    <div class=\"magna-post-content\">\r\n\r\n                        <!-- Meta minimalista: solo fecha -->\r\n                        <div class=\"magna-post-meta\">\r\n                            <span>30 Nov 2025<\/span>\r\n                        <\/div>\r\n\r\n                        <!-- T\u00edtulo compacto (2 l\u00edneas m\u00e1x, el recorte lo hace el CSS) -->\r\n                        <h2 class=\"magna-post-title\">\r\n                            <a href=\"https:\/\/magnarepublik.com\/en\/tipologia-de-ataques-y-prevencion-inteligente\/\">\r\n                                Tipolog\u00eda de Ataques y Prevenci\u00f3n Inteligente | Eider Pe\u00f1a (Colombia) | CiberEscudo 2025                            <\/a>\r\n                        <\/h2>\r\n\r\n                        <!-- Extracto -->\r\n                        <div class=\"magna-post-excerpt\">\r\n                            Eider Pe\u00f1a detalla los tipos de ataques m\u00e1s frecuentes en el entorno digital y las estrategias de prevenci\u00f3n inteligente. Un recorrido pr\u00e1ctico\u2026                        <\/div>\r\n\r\n                        <!-- Bot\u00f3n Leer m\u00e1s -->\r\n                        <div class=\"magna-post-footer\">\r\n                            <a href=\"https:\/\/magnarepublik.com\/en\/tipologia-de-ataques-y-prevencion-inteligente\/\" class=\"magna-read-more\">\r\n                                Leer m\u00e1s\r\n                                <svg viewbox=\"0 0 24 24\" fill=\"none\">\r\n                                    <path d=\"M5 12h14M13 6l6 6-6 6\"\r\n                                          stroke=\"currentColor\"\r\n                                          stroke-width=\"1.8\"\r\n                                          stroke-linecap=\"round\"\r\n                                          stroke-linejoin=\"round\" \/>\r\n                                <\/svg>\r\n                            <\/a>\r\n                        <\/div>\r\n\r\n                    <\/div>\r\n                <\/article>\r\n\r\n            \r\n                \r\n                <article class=\"magna-post-card\">\r\n\r\n                                            <a href=\"https:\/\/magnarepublik.com\/en\/fundamentos-de-proteccion-digital-y-cultura-de-seguridad\/\" class=\"magna-post-thumb\">\r\n                            <img loading=\"lazy\" decoding=\"async\" width=\"640\" height=\"360\" src=\"https:\/\/magnarepublik.com\/wp-content\/uploads\/2025\/11\/EDWIN-EP1-1024x576.png\" class=\"attachment-large size-large wp-post-image\" alt=\"\" srcset=\"https:\/\/magnarepublik.com\/wp-content\/uploads\/2025\/11\/EDWIN-EP1-1024x576.png 1024w, https:\/\/magnarepublik.com\/wp-content\/uploads\/2025\/11\/EDWIN-EP1-300x169.png 300w, https:\/\/magnarepublik.com\/wp-content\/uploads\/2025\/11\/EDWIN-EP1-768x432.png 768w, https:\/\/magnarepublik.com\/wp-content\/uploads\/2025\/11\/EDWIN-EP1-1536x864.png 1536w, https:\/\/magnarepublik.com\/wp-content\/uploads\/2025\/11\/EDWIN-EP1-18x10.png 18w, https:\/\/magnarepublik.com\/wp-content\/uploads\/2025\/11\/EDWIN-EP1.png 1920w\" sizes=\"(max-width: 640px) 100vw, 640px\" \/>\r\n                            <!-- Badge de categor\u00eda sobre la miniatura -->\r\n                            <span class=\"magna-category-badge\">\r\n                                <span class=\"magna-category-icon\" aria-hidden=\"true\">\ud83d\udcc4<\/span>\r\n                                <span class=\"magna-category-text\">\r\n                                    Articles                                <\/span>\r\n                            <\/span>\r\n                        <\/a>\r\n                    \r\n                    <div class=\"magna-post-content\">\r\n\r\n                        <!-- Meta minimalista: solo fecha -->\r\n                        <div class=\"magna-post-meta\">\r\n                            <span>30 Nov 2025<\/span>\r\n                        <\/div>\r\n\r\n                        <!-- T\u00edtulo compacto (2 l\u00edneas m\u00e1x, el recorte lo hace el CSS) -->\r\n                        <h2 class=\"magna-post-title\">\r\n                            <a href=\"https:\/\/magnarepublik.com\/en\/fundamentos-de-proteccion-digital-y-cultura-de-seguridad\/\">\r\n                                Fundamentos de Protecci\u00f3n Digital y Cultura de Seguridad | Edwin Gonz\u00e1lez (Panam\u00e1) | CiberEscudo 2025                            <\/a>\r\n                        <\/h2>\r\n\r\n                        <!-- Extracto -->\r\n                        <div class=\"magna-post-excerpt\">\r\n                            Edwin Gonz\u00e1lez explica los principios b\u00e1sicos de protecci\u00f3n digital y c\u00f3mo construir una verdadera cultura de seguridad. Buenas pr\u00e1cticas, h\u00e1bitos y recomendaciones\u2026                        <\/div>\r\n\r\n                        <!-- Bot\u00f3n Leer m\u00e1s -->\r\n                        <div class=\"magna-post-footer\">\r\n                            <a href=\"https:\/\/magnarepublik.com\/en\/fundamentos-de-proteccion-digital-y-cultura-de-seguridad\/\" class=\"magna-read-more\">\r\n                                Leer m\u00e1s\r\n                                <svg viewbox=\"0 0 24 24\" fill=\"none\">\r\n                                    <path d=\"M5 12h14M13 6l6 6-6 6\"\r\n                                          stroke=\"currentColor\"\r\n                                          stroke-width=\"1.8\"\r\n                                          stroke-linecap=\"round\"\r\n                                          stroke-linejoin=\"round\" \/>\r\n                                <\/svg>\r\n                            <\/a>\r\n                        <\/div>\r\n\r\n                    <\/div>\r\n                <\/article>\r\n\r\n                          <\/div>\r\n\r\n                <div class=\"magna-pagination\">\r\n                                                  <a href=\"#\"\r\n                     class=\"magna-page-link magna-page-current\"\r\n                     data-page=\"1\">\r\n                      1                  <\/a>\r\n                                                  <a href=\"#\"\r\n                     class=\"magna-page-link\"\r\n                     data-page=\"2\">\r\n                      2                  <\/a>\r\n                                                  <a href=\"#\"\r\n                     class=\"magna-page-link\"\r\n                     data-page=\"3\">\r\n                      3                  <\/a>\r\n                                                  <a href=\"#\"\r\n                     class=\"magna-page-link\"\r\n                     data-page=\"4\">\r\n                      4                  <\/a>\r\n                        <\/div>\r\n      \r\n    <\/div>\r\n    <\/div><\/div>\n\t\t\t\t\t\t<\/div>\n\t\t\t\t<\/div>\n\t\t\t\t\t<\/div>\n\t\t\t\t<\/div>\n\t\t\t\t<\/div>","protected":false},"excerpt":{"rendered":"<p>Art\u00edculos Inicio<\/p>","protected":false},"author":1,"featured_media":0,"parent":0,"menu_order":0,"comment_status":"closed","ping_status":"closed","template":"elementor_header_footer","meta":{"_joinchat":[],"footnotes":""},"class_list":["post-2337","page","type-page","status-publish","hentry"],"_links":{"self":[{"href":"https:\/\/magnarepublik.com\/en\/wp-json\/wp\/v2\/pages\/2337","targetHints":{"allow":["GET"]}}],"collection":[{"href":"https:\/\/magnarepublik.com\/en\/wp-json\/wp\/v2\/pages"}],"about":[{"href":"https:\/\/magnarepublik.com\/en\/wp-json\/wp\/v2\/types\/page"}],"author":[{"embeddable":true,"href":"https:\/\/magnarepublik.com\/en\/wp-json\/wp\/v2\/users\/1"}],"replies":[{"embeddable":true,"href":"https:\/\/magnarepublik.com\/en\/wp-json\/wp\/v2\/comments?post=2337"}],"version-history":[{"count":37,"href":"https:\/\/magnarepublik.com\/en\/wp-json\/wp\/v2\/pages\/2337\/revisions"}],"predecessor-version":[{"id":4760,"href":"https:\/\/magnarepublik.com\/en\/wp-json\/wp\/v2\/pages\/2337\/revisions\/4760"}],"wp:attachment":[{"href":"https:\/\/magnarepublik.com\/en\/wp-json\/wp\/v2\/media?parent=2337"}],"curies":[{"name":"wp","href":"https:\/\/api.w.org\/{rel}","templated":true}]}}